{"id":2248,"date":"2020-06-24T09:19:59","date_gmt":"2020-06-24T09:19:59","guid":{"rendered":"https:\/\/www.export2gulf.com\/a-propos-de-export-2-gulf\/"},"modified":"2020-09-08T15:42:27","modified_gmt":"2020-09-08T15:42:27","slug":"a-propos-de-export-2-gulf","status":"publish","type":"page","link":"https:\/\/www.export2gulf.com\/fr\/a-propos-de-export-2-gulf\/","title":{"rendered":"\u00c0 propos de Export 2 Gulf"},"content":{"rendered":"<div class=\"wpb-content-wrapper\"><p>[vc_row type=\u00a0\u00bbvc_default\u00a0\u00bb css=\u00a0\u00bb.vc_custom_1476008791393{padding-top: 70px !important;padding-bottom: 25px !important;}\u00a0\u00bb][vc_column offset=\u00a0\u00bbvc_col-lg-6 vc_col-md-6 vc_col-xs-12&Prime; css=\u00a0\u00bb.vc_custom_1588206853006{padding-bottom: 50px !important;background-color: #ddcece !important;}\u00a0\u00bb]<div id=\"ultimate-heading-325069ed03052d46a\" class=\"uvc-heading ult-adjust-bottom-margin ultimate-heading-325069ed03052d46a uvc-8059 \" data-hspacer=\"no_spacer\"  data-halign=\"left\" style=\"text-align:left\"><div class=\"uvc-heading-spacer no_spacer\" style=\"top\"><\/div><div class=\"uvc-main-heading ult-responsive\"  data-ultimate-target='.uvc-heading.ultimate-heading-325069ed03052d46a h2'  data-responsive-json-new='{\"font-size\":\"desktop:26px;\",\"line-height\":\"desktop:32px;\"}' ><h2 style=\"font-weight:bold;margin-bottom:20px;\">Nous sommes votre premier pas vers l\u2019exportation<\/h2><\/div><\/div>[vc_column_text]<\/p>\n<p style=\"text-align: justify;\">Export 2 gulf est un fournisseur de solutions enti\u00e8rement int\u00e9gr\u00e9 pour les exportateurs et les importateurs; plus de 10 ans d\u2019exp\u00e9rience pratique, nos consultants et experts acqui\u00e8rent les outils les plus puissants pour aider des centaines d\u2019exportateurs \u00e0 p\u00e9n\u00e9trer les march\u00e9s du Golfe, de l\u2019Afrique et du Moyen-Orient, et les aider \u00e0 \u00e9viter des proc\u00e9dures compliqu\u00e9es, \u00e0 retarder les exp\u00e9ditions et \u00e0 payer des frais suppl\u00e9mentaires qui n\u2019ont pas besoin d\u2019effacer leurs marchandises.<\/p>\n<p>[\/vc_column_text]<div class=\"ult-spacer spacer-69ed03052d4e6\" data-id=\"69ed03052d4e6\" data-height=\"10\" data-height-mobile=\"10\" data-height-tab=\"10\" data-height-tab-portrait=\"\" data-height-mobile-landscape=\"\" style=\"clear:both;display:block;\"><\/div>[vc_empty_space]<div id=\"ultimate-heading-70769ed03052d525\" class=\"uvc-heading ult-adjust-bottom-margin ultimate-heading-70769ed03052d525 uvc-2354 \" data-hspacer=\"no_spacer\"  data-halign=\"left\" style=\"text-align:left\"><div class=\"uvc-heading-spacer no_spacer\" style=\"top\"><\/div><div class=\"uvc-main-heading ult-responsive\"  data-ultimate-target='.uvc-heading.ultimate-heading-70769ed03052d525 h2'  data-responsive-json-new='{\"font-size\":\"desktop:26px;\",\"line-height\":\"desktop:32px;\"}' ><h2 style=\"font-weight:bold;margin-bottom:20px;\">Il ne s\u2019agit pas seulement d\u2019un certificat<\/h2><\/div><\/div>[vc_column_text]<\/p>\n<p style=\"text-align: justify;\">Le r\u00f4le d\u2019Export 2 Gulf ne se limite pas \u00e0 la simple d\u00e9livrance d\u2019un <a href=\"https:\/\/www.export2gulf.com\/services\/\">certificat<\/a> \u00e0 notre client, mais notre travail commence car il ya un besoin d\u2019exporter vers un pays \u00e9tranger, notre cabinet de conseil comprend:<\/p>\n<ol>\n<li style=\"text-align: justify;\">\u00c9tudier et analyser les produits \u00e0 exporter<\/li>\n<li style=\"text-align: justify;\">V\u00e9rifications gratuites de la clart\u00e9 douani\u00e8re afin d\u2019examiner tous les documents relatifs au d\u00e9douanement afin d\u2019identifier les lacunes et d\u2019\u00e9laborer un plan d\u2019action pour remplir toutes ces exigences afin d\u2019\u00eatre pr\u00eat \u00e0 livrer vos marchandises \u00e0 leur destination.<\/li>\n<li style=\"text-align: justify;\">Certificat de pays d\u2019origine d\u00e9livr\u00e9<\/li>\n<li style=\"text-align: justify;\">Traduire votre document en langue arabe par des traducteurs accr\u00e9dit\u00e9s<\/li>\n<li style=\"text-align: justify;\">Publication de rapports d\u2019essai aupr\u00e8s de laboratoires accr\u00e9dit\u00e9s<\/li>\n<\/ol>\n<div id=\"gtx-trans\" style=\"position: absolute; left: 365px; top: -16px;\">\n<div class=\"gtx-trans-icon\"><\/div>\n<\/div>\n<p>[\/vc_column_text][\/vc_column][vc_column offset=\u00a0\u00bbvc_col-lg-6 vc_col-md-6 vc_col-xs-12&Prime; css=\u00a0\u00bb.vc_custom_1476005300152{padding-bottom: 50px !important;}\u00a0\u00bb]<div id=\"ultimate-heading-925469ed03052d580\" class=\"uvc-heading ult-adjust-bottom-margin ultimate-heading-925469ed03052d580 uvc-5707 \" data-hspacer=\"no_spacer\"  data-halign=\"left\" style=\"text-align:left\"><div class=\"uvc-heading-spacer no_spacer\" style=\"top\"><\/div><div class=\"uvc-main-heading ult-responsive\"  data-ultimate-target='.uvc-heading.ultimate-heading-925469ed03052d580 h2'  data-responsive-json-new='{\"font-size\":\"desktop:26px;\",\"line-height\":\"desktop:32px;\"}' ><h2 style=\"font-weight:bold;margin-bottom:20px;\">NOTRE EXP\u00c9RIENCE<\/h2><\/div><\/div>[vc_progress_bar values=\u00a0\u00bb%5B%7B%22label%22%3A%22Produit%20Conformity%20-%2015%%20years%222C%22value%223A%2295%227D%2C%7 B%22label%223A%22Auditing%20%26%20Inspection%20-%20122B%20years%222C%22value%22%3A%2280%22%7D%2C%7B%22label%22%3A%22Produit%20Certification%20-%2010%%20years%222C%22value%223A%2270%227D%2C%7 B%22label%223A%22Export%20%26%20Logistics%20-%2082B%20years%222C%22value%22%3A%2260%22%7D5D\u00a0\u00bb options=\u00a0\u00bbstriped,animated\u00a0\u00bb caption_pos=\u00a0\u00bbtop\u00a0\u00bb][\/vc_column][\/vc_row][vc_row type=\u00a0\u00bbvc_default\u00a0\u00bb full_width=\u00a0\u00bbstretch_row\u00a0\u00bb equal_height=\u00a0\u00bbyes\u00a0\u00bb content_placement=\u00a0\u00bbmiddle\u00a0\u00bb bg_type=\u00a0\u00bbbg_color\u00a0\u00bb css=\u00a0\u00bb.vc_custom_1498804043002{padding-top: 70px !important;padding-bottom: 20px !important;}\u00a0\u00bb bg_color_value=\u00a0\u00bb#f5f5f5&Prime;][vc_column css=\u00a0\u00bb.vc_custom_1498755622313{padding-bottom: 50px !important;}\u00a0\u00bb offset=\u00a0\u00bbvc_col-lg-8 vc_col-md-7&Prime;]<div id=\"ultimate-heading-987469ed03052d5da\" class=\"uvc-heading ult-adjust-bottom-margin ultimate-heading-987469ed03052d5da uvc-7552 \" data-hspacer=\"no_spacer\"  data-halign=\"left\" style=\"text-align:left\"><div class=\"uvc-heading-spacer no_spacer\" style=\"top\"><\/div><div class=\"uvc-main-heading ult-responsive\"  data-ultimate-target='.uvc-heading.ultimate-heading-987469ed03052d5da h2'  data-responsive-json-new='{\"font-size\":\"desktop:40px;\",\"line-height\":\"desktop:46px;\"}' ><h2 style=\"font-weight:bold;margin-bottom:30px;\">UN MOT DE LA HAUTE DIRECTION<\/h2><\/div><div class=\"uvc-sub-heading ult-responsive\"  data-ultimate-target='.uvc-heading.ultimate-heading-987469ed03052d5da .uvc-sub-heading '  data-responsive-json-new='{\"font-size\":\"desktop:20px;mobile_landscape:15px;\",\"line-height\":\"desktop:32px;mobile_landscape:22px;\"}'  style=\"font-style:italic;font-weight:normal;margin-bottom:30px;\"><span class=\"tlid-translation translation\" lang=\"en\"><span class=\"\" title=\"\">\u2022 At Export2gulf, notre objectif le plus important est d\u2019aider nos clients \u00e0 obtenir le soutien technique n\u00e9cessaire pour faciliter les op\u00e9rations d\u2019exportation et d\u2019importation et d\u2019acc\u00e9der aux march\u00e9s sans obstacles dans les d\u00e9lais les plus rapides et au co\u00fbt le plus bas, au cours de notre travail, nous mettons plus de dix ans d\u2019exp\u00e9rience dans l\u2019importation, l\u2019exportation et la conformit\u00e9 sous la commande de nos clients<br \/>\n<\/span><\/span><\/div><\/div><div id=\"ultimate-heading-647469ed03052d63b\" class=\"uvc-heading ult-adjust-bottom-margin ultimate-heading-647469ed03052d63b uvc-1743 color-title\" data-hspacer=\"no_spacer\"  data-halign=\"left\" style=\"text-align:left\"><div class=\"uvc-heading-spacer no_spacer\" style=\"top\"><\/div><div class=\"uvc-main-heading ult-responsive\"  data-ultimate-target='.uvc-heading.ultimate-heading-647469ed03052d63b h4'  data-responsive-json-new='{\"font-size\":\"desktop:26px;\",\"line-height\":\"desktop:32px;\"}' ><h4 style=\"font-weight:bold;margin-bottom:10px;\">Mohamed Ibrahim<\/h4><\/div><div class=\"uvc-sub-heading ult-responsive\"  data-ultimate-target='.uvc-heading.ultimate-heading-647469ed03052d63b .uvc-sub-heading '  data-responsive-json-new='{\"font-size\":\"desktop:20px;\",\"line-height\":\"desktop:26px;\"}'  style=\"font-family:&#039;Open Sans Condensed&#039;;font-weight:700;color:#ffb536;\">Fondateur de CEO &amp; Export2gulf<\/div><\/div>[\/vc_column][vc_column width=\u00a0\u00bb1\/2&Prime; offset=\u00a0\u00bbvc_col-lg-offset-0 vc_col-lg-4 vc_col-md-offset-0 vc_col-md-5 vc_col-sm-offset-3 vc_col-xs-offset-2 vc_col-xs-8&Prime; css=\u00a0\u00bb.vc_custom_1498755704655{padding-bottom: 50px !important;}\u00a0\u00bb]<style type=\"text\/css\" data-type=\"the7_shortcodes-inline-css\">.shortcode-single-image-wrap.shortcode-single-image-90676a45a320e48311177c8f0163d471.enable-bg-rollover .rollover i,\n.shortcode-single-image-wrap.shortcode-single-image-90676a45a320e48311177c8f0163d471.enable-bg-rollover .rollover-video i {\n  background: -webkit-linear-gradient();\n  background: linear-gradient();\n}\n.shortcode-single-image-wrap.shortcode-single-image-90676a45a320e48311177c8f0163d471 .rollover-icon {\n  font-size: 32px;\n  color: #ffffff;\n  min-width: 44px;\n  min-height: 44px;\n  line-height: 44px;\n  border-radius: 100px;\n  border-style: solid;\n  border-width: 0px;\n}\n.dt-icon-bg-on.shortcode-single-image-wrap.shortcode-single-image-90676a45a320e48311177c8f0163d471 .rollover-icon {\n  background: rgba(255,255,255,0.3);\n  box-shadow: none;\n}<\/style><div class=\"shortcode-single-image-wrap shortcode-single-image-90676a45a320e48311177c8f0163d471 alignnone  enable-bg-rollover dt-icon-bg-off\" style=\"margin-top:0px; margin-bottom:0px; margin-left:0px; margin-right:0px; width:800px;\"><div class=\"shortcode-single-image\"><div class=\"fancy-media-wrap\" style=\"border-radius:1000px;\"><img decoding=\"async\" class=\"preload-me aspect\" src=\"https:\/\/www.export2gulf.com\/wp-content\/uploads\/2020\/05\/mohamed-ibrhaim-705x705.jpg\" srcset=\"https:\/\/www.export2gulf.com\/wp-content\/uploads\/2020\/05\/mohamed-ibrhaim-705x705.jpg 705w\" sizes=\"(max-width: 705px) 100vw, 705px\" width=\"705\" height=\"705\" data-dt-location=\"https:\/\/www.export2gulf.com\/fr\/home\/mohamed-ibrhaim\/\" style=\"--ratio: 705 \/ 705;border-radius:1000px;\" alt=\"mohamed ibrhaim\" title=\"\"><\/div><\/div><\/div>[\/vc_column][\/vc_row][vc_row type=\u00a0\u00bbvc_default\u00a0\u00bb margin_top=\u00a0\u00bb-50&Prime; bg_type=\u00a0\u00bbbg_color\u00a0\u00bb bg_override=\u00a0\u00bbex-full\u00a0\u00bb css=\u00a0\u00bb.vc_custom_1498803830227{padding-top: 50px !important;background-color: #000000 !important;}\u00a0\u00bb bg_color_value=\u00a0\u00bb#1f365c\u00a0\u00bb][vc_column width=\u00a0\u00bb1\/3&Prime; offset=\u00a0\u00bbvc_col-lg-4 vc_col-md-4&Prime; css=\u00a0\u00bb.vc_custom_1476007482956{padding-bottom: 50px !important;}\u00a0\u00bb]<div class=\"stats-block stats-left  accent-icon-bg  vc_custom_1588202248573\"><div class=\"aio-icon-left\"><div class=\"ult-just-icon-wrapper  \"><div class=\"align-icon\" style=\"text-align:center;\">\n<div class=\"aio-icon circle \"  style=\"color:#ffffff;background:#ffffff;font-size:32px;display:inline-block;\">\n\t<i class=\"icomoon-icomoonfree-16x16-users\"><\/i>\n<\/div><\/div><\/div><\/div><div class=\"stats-desc\" id=\"counter-responsv-wrap-5200\"><div id=\"counter_98079518769ed03052e6b5\" data-id=\"counter_98079518769ed03052e6b5\"  data-ultimate-target='#counter-responsv-wrap-5200 .stats-number'  data-responsive-json-new='{\"font-size\":\"desktop:70px;\",\"line-height\":\"desktop:70px;\"}'  class=\"stats-number ult-responsive\" style=\" color:#ffffff; font-family:&#039;Open Sans Condensed&#039;;font-weight:700;color:#ffffff;\" data-speed=\"3\" data-counter-value=\"6\" data-separator=\",\" data-decimal=\".\">0<\/div><div id=\"title-counter_98079518769ed03052e6b5\"  data-ultimate-target='#counter-responsv-wrap-5200 .stats-text'  data-responsive-json-new='{\"font-size\":\"desktop:20px;\",\"line-height\":\"desktop:26px;\"}'  class=\"stats-text ult-responsive\" style=\"font-size:px; color:#ffffff; font-family:&#039;Open Sans Condensed&#039;;font-weight:700;\">Sp\u00e9cialistes<\/div><\/div><\/div>[\/vc_column][vc_column width=\u00a0\u00bb1\/3&Prime; css=\u00a0\u00bb.vc_custom_1476007487982{padding-bottom: 50px !important;}\u00a0\u00bb]<div class=\"stats-block stats-left  accent-icon-bg  vc_custom_1588202272986\"><div class=\"aio-icon-left\"><div class=\"ult-just-icon-wrapper  \"><div class=\"align-icon\" style=\"text-align:center;\">\n<div class=\"aio-icon circle \"  style=\"color:#ffffff;background:#ffffff;font-size:32px;display:inline-block;\">\n\t<i class=\"icomoon-icomoonfree-16x16-user-tie\"><\/i>\n<\/div><\/div><\/div><\/div><div class=\"stats-desc\" id=\"counter-responsv-wrap-1703\"><div id=\"counter_295548074569ed03052e7ac\" data-id=\"counter_295548074569ed03052e7ac\"  data-ultimate-target='#counter-responsv-wrap-1703 .stats-number'  data-responsive-json-new='{\"font-size\":\"desktop:70px;\",\"line-height\":\"desktop:70px;\"}'  class=\"stats-number ult-responsive\" style=\" color:#ffffff; font-family:&#039;Open Sans Condensed&#039;;font-weight:700;color:#ffffff;\" data-speed=\"3\" data-counter-value=\"143\" data-separator=\",\" data-decimal=\".\">0<\/div><div id=\"title-counter_295548074569ed03052e7ac\"  data-ultimate-target='#counter-responsv-wrap-1703 .stats-text'  data-responsive-json-new='{\"font-size\":\"desktop:20px;\",\"line-height\":\"desktop:26px;\"}'  class=\"stats-text ult-responsive\" style=\"font-size:px; color:#ffffff; font-family:&#039;Open Sans Condensed&#039;;font-weight:700;\">Clients heureux<\/div><\/div><\/div>[\/vc_column][vc_column width=\u00a0\u00bb1\/3&Prime; css=\u00a0\u00bb.vc_custom_1476007492901{padding-bottom: 50px !important;}\u00a0\u00bb]<div class=\"stats-block stats-left  accent-icon-bg  vc_custom_1588202292533\"><div class=\"aio-icon-left\"><div class=\"ult-just-icon-wrapper  \"><div class=\"align-icon\" style=\"text-align:center;\">\n<div class=\"aio-icon circle \"  style=\"color:#ffffff;background:#ffffff;font-size:32px;display:inline-block;\">\n\t<i class=\"icomoon-icomoonfree-16x16-briefcase\"><\/i>\n<\/div><\/div><\/div><\/div><div class=\"stats-desc\" id=\"counter-responsv-wrap-7576\"><div id=\"counter_153029108369ed03052e877\" data-id=\"counter_153029108369ed03052e877\"  data-ultimate-target='#counter-responsv-wrap-7576 .stats-number'  data-responsive-json-new='{\"font-size\":\"desktop:70px;\",\"line-height\":\"desktop:70px;\"}'  class=\"stats-number ult-responsive\" style=\" color:#ffffff; font-family:&#039;Open Sans Condensed&#039;;font-weight:700;color:#ffffff;\" data-speed=\"3\" data-counter-value=\"512\" data-separator=\",\" data-decimal=\".\">0<\/div><div id=\"title-counter_153029108369ed03052e877\"  data-ultimate-target='#counter-responsv-wrap-7576 .stats-text'  data-responsive-json-new='{\"font-size\":\"desktop:20px;\",\"line-height\":\"desktop:26px;\"}'  class=\"stats-text ult-responsive\" style=\"font-size:px; color:#ffffff; font-family:&#039;Open Sans Condensed&#039;;font-weight:700;\">Cas r\u00e9ussis<\/div><\/div><\/div>[\/vc_column][\/vc_row][vc_row type=\u00a0\u00bbvc_default\u00a0\u00bb bg_type=\u00a0\u00bbbg_color\u00a0\u00bb bg_override=\u00a0\u00bbex-full\u00a0\u00bb css=\u00a0\u00bb.vc_custom_1496399827329{padding-top: 70px !important;padding-bottom: 70px !important;}\u00a0\u00bb bg_color_value=\u00a0\u00bbrgba(170,170,170,0.1)\u00a0\u00bb][vc_column]<div id=\"ultimate-heading-436269ed03052e8cb\" class=\"uvc-heading ult-adjust-bottom-margin ultimate-heading-436269ed03052e8cb uvc-6670 \" data-hspacer=\"no_spacer\"  data-halign=\"left\" style=\"text-align:left\"><div class=\"uvc-heading-spacer no_spacer\" style=\"top\"><\/div><div class=\"uvc-main-heading ult-responsive\"  data-ultimate-target='.uvc-heading.ultimate-heading-436269ed03052e8cb h2'  data-responsive-json-new='{\"font-size\":\"desktop:26px;\",\"line-height\":\"desktop:32px;\"}' ><h2 style=\"font-weight:bold;margin-bottom:25px;\">NOS CLIENTS<\/h2><\/div><\/div><style type=\"text\/css\" data-type=\"the7_shortcodes-inline-css\">.carousel-shortcode.carousel-shortcode-id-119b84dd50b1f33514d29636282f2385.owl-carousel .owl-nav div {\n  width: 22px;\n  height: 80px;\n  border-radius: 0px;\n}\n.dt-arrow-border-on.carousel-shortcode.carousel-shortcode-id-119b84dd50b1f33514d29636282f2385.owl-carousel .owl-nav div:not(:hover):before {\n  border-width: 0px;\n}\n.dt-arrow-hover-border-on.carousel-shortcode.carousel-shortcode-id-119b84dd50b1f33514d29636282f2385.owl-carousel .owl-nav div:hover:after {\n  border-width: 0px;\n}\n.arrows-hover-bg-on.carousel-shortcode.carousel-shortcode-id-119b84dd50b1f33514d29636282f2385.owl-carousel .owl-nav div:after {\n  background: #f4a215;\n}\n.carousel-shortcode.carousel-shortcode-id-119b84dd50b1f33514d29636282f2385.owl-carousel .owl-nav div.owl-prev {\n  top: 50%;\n  transform: translateY(calc(-50% + 0px));\n  left: 0px;\n}\n@media all and (-ms-high-contrast: none) {\n  .carousel-shortcode.carousel-shortcode-id-119b84dd50b1f33514d29636282f2385.owl-carousel .owl-nav div.owl-prev {\n    transform: translateY(-50%);\n    margin-top: 0px;\n  }\n}\n.carousel-shortcode.carousel-shortcode-id-119b84dd50b1f33514d29636282f2385.owl-carousel .owl-nav div.owl-prev i {\n  padding: 0px 0px 0px 0px;\n}\n.carousel-shortcode.carousel-shortcode-id-119b84dd50b1f33514d29636282f2385.owl-carousel .owl-nav div.owl-next {\n  top: 50%;\n  transform: translateY(calc(-50% + 0px));\n  right: 0px;\n}\n@media all and (-ms-high-contrast: none) {\n  .carousel-shortcode.carousel-shortcode-id-119b84dd50b1f33514d29636282f2385.owl-carousel .owl-nav div.owl-next {\n    transform: translateY(-50%);\n    margin-top: 0px;\n  }\n}\n.carousel-shortcode.carousel-shortcode-id-119b84dd50b1f33514d29636282f2385.owl-carousel .owl-nav div.owl-next i {\n  padding: 0px 0px 0px 0px;\n}\n.carousel-shortcode.carousel-shortcode-id-119b84dd50b1f33514d29636282f2385.owl-carousel .owl-nav i {\n  font-size: 18px;\n}\n.carousel-shortcode.carousel-shortcode-id-119b84dd50b1f33514d29636282f2385.owl-carousel .owl-nav div:not(:hover) i,\n.carousel-shortcode.carousel-shortcode-id-119b84dd50b1f33514d29636282f2385.owl-carousel .owl-nav div:not(:hover) i:before {\n  color: #ffffff;\n  background: none;\n}\n.carousel-shortcode.carousel-shortcode-id-119b84dd50b1f33514d29636282f2385.owl-carousel .owl-nav div:hover i,\n.carousel-shortcode.carousel-shortcode-id-119b84dd50b1f33514d29636282f2385.owl-carousel .owl-nav div:hover i:before {\n  color: #ffffff;\n  background: none;\n}\n.carousel-shortcode.carousel-shortcode-id-119b84dd50b1f33514d29636282f2385 .owl-dots {\n  top: calc(100% + 20px);\n  left: 50%;\n  transform: translateX(calc(-50% + 0px));\n}\n@media all and (-ms-high-contrast: none) {\n  .carousel-shortcode.carousel-shortcode-id-119b84dd50b1f33514d29636282f2385 .owl-dots {\n    transform: translateX(-50%);\n    margin-left: 0px;\n  }\n}\n.carousel-shortcode.carousel-shortcode-id-119b84dd50b1f33514d29636282f2385 .owl-dot {\n  width: 10px;\n  height: 10px;\n  margin: 0 8px;\n}\n@media screen and (max-width: 778px) {\n  .carousel-shortcode.carousel-shortcode-id-119b84dd50b1f33514d29636282f2385.hide-arrows .owl-nav a {\n    display: none;\n  }\n}\n@media screen and (max-width: 778px) {\n  .carousel-shortcode.carousel-shortcode-id-119b84dd50b1f33514d29636282f2385.reposition-arrows .owl-nav .owl-prev {\n    top: 50%;\n    transform: translateY(calc(-50% + 0px));\n    left: 10px;\n  }\n  .carousel-shortcode.carousel-shortcode-id-119b84dd50b1f33514d29636282f2385.reposition-arrows .owl-nav .owl-next {\n    top: 50%;\n    transform: translateY(calc(-50% + 0px));\n    right: 10px;\n  }\n}\n@media screen and (max-width: 778px) and all and (-ms-high-contrast: none) {\n  .carousel-shortcode.carousel-shortcode-id-119b84dd50b1f33514d29636282f2385.reposition-arrows .owl-nav .owl-prev {\n    transform: translateY(-50%);\n    margin-top: 0px;\n  }\n}\n@media screen and (max-width: 778px) and all and (-ms-high-contrast: none) {\n  .carousel-shortcode.carousel-shortcode-id-119b84dd50b1f33514d29636282f2385.reposition-arrows .owl-nav .owl-next {\n    transform: translateY(-50%);\n    margin-top: 0px;\n  }\n}<\/style><div class=\"owl-carousel carousel-shortcode dt-owl-carousel-call carousel-shortcode-id-119b84dd50b1f33514d29636282f2385 bullets-small-dot-stroke arrows-bg-on dt-arrow-border-on dt-arrow-hover-border-on arrows-hover-bg-on  vc_custom_1498756520817 \" data-scroll-mode=\"1\" data-col-num=\"6\" data-wide-col-num=\"6\" data-laptop-col=\"4\" data-h-tablet-columns-num=\"3\" data-v-tablet-columns-num=\"2\" data-phone-columns-num=\"1\" data-auto-height=\"true\" data-col-gap=\"30\" data-stage-padding=\"0\" data-speed=\"600\" data-autoplay=\"false\" data-autoplay_speed=\"6000\" data-arrows=\"true\" data-bullet=\"false\" data-next-icon=\"icon-ar-017-r\" data-prev-icon=\"icon-ar-017-l\"><\/div>[\/vc_column][\/vc_row]<\/p>\n<\/div>","protected":false},"excerpt":{"rendered":"<p>[vc_row type=\u00a0\u00bbvc_default\u00a0\u00bb css=\u00a0\u00bb.vc_custom_1476008791393{padding-top: 70px !important;padding-bottom: 25px !important;}\u00a0\u00bb][vc_column offset=\u00a0\u00bbvc_col-lg-6 vc_col-md-6 vc_col-xs-12&Prime; css=\u00a0\u00bb.vc_custom_1588206853006{padding-bottom: 50px !important;background-color: #ddcece !important;}\u00a0\u00bb][vc_column_text] Export 2 gulf est un fournisseur de solutions enti\u00e8rement int\u00e9gr\u00e9 pour les exportateurs et les importateurs; plus de 10 ans d\u2019exp\u00e9rience pratique, nos consultants et experts acqui\u00e8rent les outils les plus puissants pour aider des centaines d\u2019exportateurs \u00e0 p\u00e9n\u00e9trer les&hellip;<\/p>\n","protected":false},"author":1,"featured_media":2210,"parent":0,"menu_order":100,"comment_status":"closed","ping_status":"closed","template":"","meta":{"footnotes":""},"class_list":["post-2248","page","type-page","status-publish","has-post-thumbnail","hentry","description-off"],"_links":{"self":[{"href":"https:\/\/www.export2gulf.com\/fr\/wp-json\/wp\/v2\/pages\/2248","targetHints":{"allow":["GET"]}}],"collection":[{"href":"https:\/\/www.export2gulf.com\/fr\/wp-json\/wp\/v2\/pages"}],"about":[{"href":"https:\/\/www.export2gulf.com\/fr\/wp-json\/wp\/v2\/types\/page"}],"author":[{"embeddable":true,"href":"https:\/\/www.export2gulf.com\/fr\/wp-json\/wp\/v2\/users\/1"}],"replies":[{"embeddable":true,"href":"https:\/\/www.export2gulf.com\/fr\/wp-json\/wp\/v2\/comments?post=2248"}],"version-history":[{"count":0,"href":"https:\/\/www.export2gulf.com\/fr\/wp-json\/wp\/v2\/pages\/2248\/revisions"}],"wp:featuredmedia":[{"embeddable":true,"href":"https:\/\/www.export2gulf.com\/fr\/wp-json\/wp\/v2\/media\/2210"}],"wp:attachment":[{"href":"https:\/\/www.export2gulf.com\/fr\/wp-json\/wp\/v2\/media?parent=2248"}],"curies":[{"name":"wp","href":"https:\/\/api.w.org\/{rel}","templated":true}]}}