{"id":2318,"date":"2020-06-27T22:23:42","date_gmt":"2020-06-27T22:23:42","guid":{"rendered":"https:\/\/www.export2gulf.com\/enregistrement-des-produits-dans-la-plate-forme-sabre\/"},"modified":"2020-06-27T22:23:43","modified_gmt":"2020-06-27T22:23:43","slug":"enregistrement-des-produits-dans-la-plate-forme-sabre","status":"publish","type":"page","link":"https:\/\/www.export2gulf.com\/fr\/enregistrement-des-produits-dans-la-plate-forme-sabre\/","title":{"rendered":"Enregistrement des produits dans la plate-forme sabre"},"content":{"rendered":"<div class=\"wpb-content-wrapper\"><p>[vc_row type=\u00a0\u00bbvc_default\u00a0\u00bb][vc_column css=\u00a0\u00bb.vc_custom_1498229431694{padding-bottom: 50px !important;}\u00a0\u00bb]<div id=\"ultimate-heading-187569ecf1c26d17b\" class=\"uvc-heading ult-adjust-bottom-margin ultimate-heading-187569ecf1c26d17b uvc-156 \" data-hspacer=\"no_spacer\"  data-halign=\"left\" style=\"text-align:left\"><div class=\"uvc-heading-spacer no_spacer\" style=\"top\"><\/div><div class=\"uvc-main-heading ult-responsive\"  data-ultimate-target='.uvc-heading.ultimate-heading-187569ecf1c26d17b h2'  data-responsive-json-new='{\"font-size\":\"desktop:26px;\",\"line-height\":\"desktop:32px;\"}' ><h2 style=\"font-weight:bold;margin-bottom:20px;\">Plate-forme SABER et certification SABER<\/h2><\/div><\/div>[vc_column_text]L\u2019Autorit\u00e9 saoudienne pour les normes, les normes et la qualit\u00e9 (SASSOU) a lanc\u00e9 un nouveau syst\u00e8me de proc\u00e9dures de conformit\u00e9 des produits industriels. Depuis 2019, la certification sabre et le <a href=\"https:\/\/www.export2gulf.com\/saso-certificate-coc\/\"> <\/a>certificat de calendrier \u00e9lectronique d\u2019appariement ont \u00e9t\u00e9 approuv\u00e9s pour remplacer le certificat saso de conformit\u00e9 coc et acc\u00e9l\u00e9rer les op\u00e9rations en appliquant la proc\u00e9dure mentionn\u00e9e dans les r\u00e8glements techniques approuv\u00e9s.<\/p>\n<p>Sabre est une plate-forme en ligne qui met en relation les importateurs, les commer\u00e7ants et les organismes notifi\u00e9s avec les autorit\u00e9s douani\u00e8res et commerciales de l\u2019Arabie saoudite. L\u2019objectif de Sabre est d\u2019acc\u00e9l\u00e9rer la manutention et le commerce des exp\u00e9ditions, et r\u00e9duire les produits et produits contrefaits, Pour r\u00e9duire le temps pass\u00e9 \u00e0 d\u00e9fricher, \u00e0 fabriquer des produits et \u00e0 entrer sur le march\u00e9, En plus d\u2019accro\u00eetre la capacit\u00e9 des autorit\u00e9s officielles \u00e0 suivre les produits d\u2019une mani\u00e8re plus efficace et moins difficile, Enfin, le nombre de produits accept\u00e9s par Sassaine sur le march\u00e9 saoudien a connu une croissance constante, toutes les proc\u00e9dures \u00e9tant mises en \u0153uvre avec transparence et clart\u00e9.[\/vc_column_text]<div id=\"ultimate-heading-849669ecf1c26d1d9\" class=\"uvc-heading ult-adjust-bottom-margin ultimate-heading-849669ecf1c26d1d9 uvc-5740 \" data-hspacer=\"no_spacer\"  data-halign=\"left\" style=\"text-align:left\"><div class=\"uvc-heading-spacer no_spacer\" style=\"top\"><\/div><div class=\"uvc-main-heading ult-responsive\"  data-ultimate-target='.uvc-heading.ultimate-heading-849669ecf1c26d1d9 h2'  data-responsive-json-new='{\"font-size\":\"desktop:26px;\",\"line-height\":\"desktop:32px;\"}' ><h2 style=\"font-weight:bold;margin-bottom:20px;\">Vid\u00e9os pour expliquer comment utiliser SABER<\/h2><\/div><\/div>[vc_column_text]SASO fournit de courtes vid\u00e9os sur son site Web pour faciliter l\u2019utilisation de la plate-forme. Cet ensemble de vid\u00e9os explique comment cr\u00e9er un compte, Comment enregistrer les biens et les produits et comment demander des certificats. Les liens suivants m\u00e8nent au site en arabe, Vous pouvez changer d\u2019anglais pour regarder des vid\u00e9os en anglais<\/p>\n<p style=\"text-align: center;\"><a href=\"https:\/\/saber.sa\/home\/UserGuide\" target=\"_blank\" rel=\"noopener\"><strong>Aux vid\u00e9os explicatives<\/strong><\/a><\/p>\n<p>[\/vc_column_text]<div id=\"ultimate-heading-906669ecf1c26d214\" class=\"uvc-heading ult-adjust-bottom-margin ultimate-heading-906669ecf1c26d214 uvc-211 \" data-hspacer=\"no_spacer\"  data-halign=\"left\" style=\"text-align:left\"><div class=\"uvc-heading-spacer no_spacer\" style=\"top\"><\/div><div class=\"uvc-main-heading ult-responsive\"  data-ultimate-target='.uvc-heading.ultimate-heading-906669ecf1c26d214 h2'  data-responsive-json-new='{\"font-size\":\"desktop:26px;\",\"line-height\":\"desktop:32px;\"}' ><h2 style=\"font-weight:bold;margin-bottom:20px;\">Produits soumis \u00e0 la certification Saber<\/h2><\/div><\/div>[vc_column_text]SASO a mis \u00e0 jour les groupes de produits vis\u00e9s. connus sous le nom de produits de sujet, Cliquez sur le lien ci-dessous pour v\u00e9rifier quelles cat\u00e9gories de produits sont d\u00e9j\u00e0 soumises \u00e0 la r\u00e9glementation et quels produits sont pr\u00e9vus pour \u00eatre ajout\u00e9s dans un proche avenir.<\/p>\n<p style=\"text-align: center;\"><a href=\"https:\/\/saber.sa\/home\/regulations\" target=\"_blank\" rel=\"noopener\"><strong>Trouvez les produits soumis \u00e0 ici<\/strong><\/a><\/p>\n<p>[\/vc_column_text][\/vc_column][vc_column css=\u00a0\u00bb.vc_custom_1498229445232{padding-bottom: 50px !important;}\u00a0\u00bb]<div id=\"ultimate-heading-640269ecf1c26d246\" class=\"uvc-heading ult-adjust-bottom-margin ultimate-heading-640269ecf1c26d246 uvc-4065 \" data-hspacer=\"no_spacer\"  data-halign=\"left\" style=\"text-align:left\"><div class=\"uvc-heading-spacer no_spacer\" style=\"top\"><\/div><div class=\"uvc-main-heading ult-responsive\"  data-ultimate-target='.uvc-heading.ultimate-heading-640269ecf1c26d246 h2'  data-responsive-json-new='{\"font-size\":\"desktop:26px;\",\"line-height\":\"desktop:32px;\"}' ><h2 style=\"font-weight:bold;margin-bottom:20px;\">\u00c9tapes SABER:<\/h2><\/div><\/div><div class=\"smile_icon_list_wrap ult_info_list_container ult-adjust-bottom-margin   vc_custom_1498230419199\"><ul class=\"smile_icon_list left hexagon\"><li class=\"icon_list_item\" style=\" font-size:60px;\"><div class=\"icon_list_icon\" data-animation=\"\" data-animation-delay=\"03\" style=\"font-size:20px;background:#ffb536;color:#ffffff;border-color:#ffb536;\"><i class=\"fas fa-user-check\" ><\/i><\/div><div class=\"icon_description\" id=\"Info-list-wrap-6380\" style=\"font-size:20px;\"><h3 class=\"ult-responsive info-list-heading\"  data-ultimate-target='#Info-list-wrap-6380 h3'  data-responsive-json-new='{\"font-size\":\"desktop:16px;\",\"line-height\":\"desktop:22px;\"}'  style=\"font-family:&#039;Open Sans Condensed&#039;;font-weight:700;\">1. Cr\u00e9ez votre compte Sabre<\/h3><div class=\"icon_description_text ult-responsive\"  data-ultimate-target='#Info-list-wrap-6380 .icon_description_text'  data-responsive-json-new='{\"font-size\":\"desktop:12px;\",\"line-height\":\"desktop:20px;\"}'  style=\"\"><p><strong>Phase 1 : <\/strong>Cr\u00e9ez votre compte Sabre \u00e0 l\u2019aide du Registre saoudien des importations<\/p>\n<\/div><\/div><div class=\"icon_list_connector\"  style=\"border-right-width: 1px;border-right-style: dashed;border-color: #ffb536;\"><\/div><\/li><li class=\"icon_list_item\" style=\" font-size:60px;\"><div class=\"icon_list_icon\" data-animation=\"\" data-animation-delay=\"03\" style=\"font-size:20px;background:#ffb536;color:#ffffff;border-color:#ffb536;\"><i class=\"icomoon-icomoonfree-16x16-barcode\" ><\/i><\/div><div class=\"icon_description\" id=\"Info-list-wrap-4239\" style=\"font-size:20px;\"><h3 class=\"ult-responsive info-list-heading\"  data-ultimate-target='#Info-list-wrap-4239 h3'  data-responsive-json-new='{\"font-size\":\"desktop:16px;\",\"line-height\":\"desktop:22px;\"}'  style=\"font-family:&#039;Open Sans Condensed&#039;;font-weight:700;\">2. Enregistrez vos produits avec le code HS et les donn\u00e9es<\/h3><div class=\"icon_description_text ult-responsive\"  data-ultimate-target='#Info-list-wrap-4239 .icon_description_text'  data-responsive-json-new='{\"font-size\":\"desktop:12px;\",\"line-height\":\"desktop:20px;\"}'  style=\"\"><p><strong>Phase 2 : <\/strong>Inscrivez tous vos produits avec le code de coordination douani\u00e8re appliqu\u00e9 \u00e0 ces produits et enregistrez les donn\u00e9es compl\u00e8tes relatives aux produits<\/p>\n<\/div><\/div><div class=\"icon_list_connector\"  style=\"border-right-width: 1px;border-right-style: dashed;border-color: #ffb536;\"><\/div><\/li><li class=\"icon_list_item\" style=\" font-size:60px;\"><div class=\"icon_list_icon\" data-animation=\"\" data-animation-delay=\"03\" style=\"font-size:20px;background:#ffb536;color:#ffffff;border-color:#ffb536;\"><i class=\"fab fa-product-hunt\" ><\/i><\/div><div class=\"icon_description\" id=\"Info-list-wrap-7456\" style=\"font-size:20px;\"><h3 class=\"ult-responsive info-list-heading\"  data-ultimate-target='#Info-list-wrap-7456 h3'  data-responsive-json-new='{\"font-size\":\"desktop:16px;\",\"line-height\":\"desktop:22px;\"}'  style=\"font-family:&#039;Open Sans Condensed&#039;;font-weight:700;\">3. Demander un certificat d\u2019appariement de produit \u00ab O \u00bb<\/h3><div class=\"icon_description_text ult-responsive\"  data-ultimate-target='#Info-list-wrap-7456 .icon_description_text'  data-responsive-json-new='{\"font-size\":\"desktop:12px;\",\"line-height\":\"desktop:20px;\"}'  style=\"\"><p><strong>Phase 3 :<\/strong> Demander un certificat de correspondance de produits (PCoC) qui sera valide pendant un an<\/p>\n<\/div><\/div><div class=\"icon_list_connector\"  style=\"border-right-width: 1px;border-right-style: dashed;border-color: #ffb536;\"><\/div><\/li><li class=\"icon_list_item\" style=\" font-size:60px;\"><div class=\"icon_list_icon\" data-animation=\"\" data-animation-delay=\"03\" style=\"font-size:20px;background:#ffb536;color:#ffffff;border-color:#ffb536;\"><i class=\"fas fa-ship\" ><\/i><\/div><div class=\"icon_description\" id=\"Info-list-wrap-9663\" style=\"font-size:20px;\"><h3 class=\"ult-responsive info-list-heading\"  data-ultimate-target='#Info-list-wrap-9663 h3'  data-responsive-json-new='{\"font-size\":\"desktop:16px;\",\"line-height\":\"desktop:22px;\"}'  style=\"font-family:&#039;Open Sans Condensed&#039;;font-weight:700;\">5. Demander un certificat de correspondance de mission (SCoC)<\/h3><div class=\"icon_description_text ult-responsive\"  data-ultimate-target='#Info-list-wrap-9663 .icon_description_text'  data-responsive-json-new='{\"font-size\":\"desktop:12px;\",\"line-height\":\"desktop:20px;\"}'  style=\"\"><p><strong>Phase 4 :<\/strong> Demande de certificat d\u2019appariement de mission (SCoC).<\/p>\n<\/div><\/div><div class=\"icon_list_connector\"  style=\"border-right-width: 1px;border-right-style: dashed;border-color: #ffb536;\"><\/div><\/li><\/ul><\/div>[\/vc_column][\/vc_row][vc_row type=\u00a0\u00bbvc_default\u00a0\u00bb][vc_column css=\u00a0\u00bb.vc_custom_1498229431694{padding-bottom: 50px !important;}\u00a0\u00bb]<div id=\"ultimate-heading-819569ecf1c26d49c\" class=\"uvc-heading ult-adjust-bottom-margin ultimate-heading-819569ecf1c26d49c uvc-9252 \" data-hspacer=\"no_spacer\"  data-halign=\"left\" style=\"text-align:left\"><div class=\"uvc-heading-spacer no_spacer\" style=\"top\"><\/div><div class=\"uvc-main-heading ult-responsive\"  data-ultimate-target='.uvc-heading.ultimate-heading-819569ecf1c26d49c h2'  data-responsive-json-new='{\"font-size\":\"desktop:26px;\",\"line-height\":\"desktop:32px;\"}' ><h2 style=\"font-weight:bold;margin-bottom:20px;\">Comment enregistrer votre produit?<\/h2><\/div><\/div>[vc_column_text]Le propri\u00e9taire du compte Sabre doit enregistrer les produits r\u00e9glement\u00e9s et choisir un organisme de certification SASO avec les CB pour remplir l\u2019\u00e9valuation de la demande.[\/vc_column_text]<div id=\"ultimate-heading-197469ecf1c26d4cb\" class=\"uvc-heading ult-adjust-bottom-margin ultimate-heading-197469ecf1c26d4cb uvc-1467 \" data-hspacer=\"no_spacer\"  data-halign=\"left\" style=\"text-align:left\"><div class=\"uvc-heading-spacer no_spacer\" style=\"top\"><\/div><div class=\"uvc-main-heading ult-responsive\"  data-ultimate-target='.uvc-heading.ultimate-heading-197469ecf1c26d4cb h2'  data-responsive-json-new='{\"font-size\":\"desktop:26px;\",\"line-height\":\"desktop:32px;\"}' ><h2 style=\"font-weight:bold;margin-bottom:20px;\">Faire une demande de certificat de correspondance de produits (PCoC) pour les produits<\/h2><\/div><\/div>[vc_column_text]Le certificat de correspondance des produits (PCoC) sera d\u00e9livr\u00e9 en ligne pour chaque produit en question par l\u2019interm\u00e9diaire de la plate-forme sabre sur la base des normes de produits applicables sp\u00e9cifi\u00e9es dans le r\u00e8glement technique pertinent publi\u00e9 par SASO.<\/p>\n<p>Les \u00e9tapes pour obtenir le certificat de correspondance du produit PCoC sont les suivantes :<\/p>\n<ul>\n<li>Des informations sur le produit seront ajout\u00e9es sur la plate-forme de sabre<\/li>\n<li>S\u00e9lectionnez l\u2019autorit\u00e9 de certification CB pour d\u00e9livrer le certificat de correspondance de produit PCoC et payer les frais de certification.<\/li>\n<li>L\u2019autorit\u00e9 de certification CB v\u00e9rifie les demandes re\u00e7ues par l\u2019interm\u00e9diaire de la plate-forme Sabre<\/li>\n<li>L\u2019autorit\u00e9 de certification CB effectue le processus d\u2019\u00e9valuation de la conformit\u00e9 et la source est tenue de fournir tous les documents techniques pour compl\u00e9ter le dossier technique.<\/li>\n<li>L\u2019autorit\u00e9 de certification examine toutes les conditions conform\u00e9ment au R\u00e8glement technique \u00e9mis par l\u2019ESSA pour prendre la d\u00e9cision d\u2019approbation.<\/li>\n<li>Le certificat de correspondance des produits PCoC est certifi\u00e9 et d\u00e9livr\u00e9 en ligne par l\u2019interm\u00e9diaire de la plate-forme sabre et valide pendant un an.<\/li>\n<\/ul>\n<p>[\/vc_column_text]<div id=\"ultimate-heading-289269ecf1c26d4f8\" class=\"uvc-heading ult-adjust-bottom-margin ultimate-heading-289269ecf1c26d4f8 uvc-9125 \" data-hspacer=\"no_spacer\"  data-halign=\"left\" style=\"text-align:left\"><div class=\"uvc-heading-spacer no_spacer\" style=\"top\"><\/div><div class=\"uvc-main-heading ult-responsive\"  data-ultimate-target='.uvc-heading.ultimate-heading-289269ecf1c26d4f8 h2'  data-responsive-json-new='{\"font-size\":\"desktop:26px;\",\"line-height\":\"desktop:32px;\"}' ><h2 style=\"font-weight:bold;margin-bottom:20px;\">Certificat d\u2019appariement d\u2019exp\u00e9dition (SCoC)<\/h2><\/div><\/div>[vc_column_text]Chaque envoi doit \u00eatre soumis \u00e0 un certificat d\u2019exp\u00e9dition Sabre pour l\u2019objet du produit et indiqu\u00e9 dans la facture, Ceci sera v\u00e9rifi\u00e9 par CB pour \u00eatre approuv\u00e9, Si un certificat PCoC valide est confirm\u00e9, Le certificat de mission SCoC sera d\u00e9livr\u00e9. Ce processus comprend les \u00e9tapes suivantes :<\/p>\n<ul>\n<li>Envoyer une demande en ligne, Par <a href=\"https:\/\/www.export2gulf.com\/fr\/\">l\u2019interm\u00e9diaire de SABER,<\/a>pour obtenir SCoC pour les produits export\u00e9s vers l\u2019Arabie Saoudite<\/li>\n<li>Le b\u00e9n\u00e9ficiaire du certificat v\u00e9rifie s\u2019il y a un PCoC valide pour chaque produit r\u00e9glement\u00e9<\/li>\n<li>Si la pr\u00e9sence du certificat PCoC est v\u00e9rifi\u00e9e, CB l\u2019approuve par l\u2019interm\u00e9diaire de la plate-forme Sabre<\/li>\n<li>Payez les frais de certificat de mission SCoC en payant.<\/li>\n<li>Le certificat d\u2019appariement de mission SCoC est d\u00e9livr\u00e9 en ligne chez SABER et ne sera valide que pour l\u2019envoi s\u00e9lectionn\u00e9.<\/li>\n<\/ul>\n<p>[\/vc_column_text]<div id=\"ultimate-heading-345869ecf1c26d523\" class=\"uvc-heading ult-adjust-bottom-margin ultimate-heading-345869ecf1c26d523 uvc-4080 \" data-hspacer=\"no_spacer\"  data-halign=\"left\" style=\"text-align:left\"><div class=\"uvc-heading-spacer no_spacer\" style=\"top\"><\/div><div class=\"uvc-main-heading ult-responsive\"  data-ultimate-target='.uvc-heading.ultimate-heading-345869ecf1c26d523 h2'  data-responsive-json-new='{\"font-size\":\"desktop:26px;\",\"line-height\":\"desktop:32px;\"}' ><h2 style=\"font-weight:bold;margin-bottom:20px;\">Avantages de l\u2019enregistrement des produits chez Sabre<\/h2><\/div><\/div>[vc_column_text]<\/p>\n<ul>\n<li>R\u00e9duire le temps n\u00e9cessaire pour d\u00e9livrer des certificats de produit et de mission<\/li>\n<li>Accro\u00eetre la capacit\u00e9 des importateurs et des exportateurs \u00e0 am\u00e9liorer la qualit\u00e9 de leurs produits<\/li>\n<li>Gestion et contr\u00f4le faciles des produits et certificats certifi\u00e9s d\u00e9livr\u00e9s par la plate-forme sabre<\/li>\n<li>Acc\u00e8s facile au march\u00e9 saoudien et acc\u00e8s \u00e0 un segment plus large du march\u00e9<\/li>\n<li>Le certificat de conformit\u00e9 est d\u00e9livr\u00e9 et valable un an, Pendant cette p\u00e9riode, toutes les exp\u00e9ditions peuvent \u00eatre entr\u00e9es sur le march\u00e9 saoudien sans frais suppl\u00e9mentaires.<\/li>\n<li>Validit\u00e9 de trois ans des rapports d\u2019essai<\/li>\n<\/ul>\n<p>[\/vc_column_text]<div id=\"ultimate-heading-588669ecf1c26d54e\" class=\"uvc-heading ult-adjust-bottom-margin ultimate-heading-588669ecf1c26d54e uvc-264 \" data-hspacer=\"no_spacer\"  data-halign=\"left\" style=\"text-align:left\"><div class=\"uvc-heading-spacer no_spacer\" style=\"top\"><\/div><div class=\"uvc-main-heading ult-responsive\"  data-ultimate-target='.uvc-heading.ultimate-heading-588669ecf1c26d54e h2'  data-responsive-json-new='{\"font-size\":\"desktop:26px;\",\"line-height\":\"desktop:32px;\"}' ><h2 style=\"font-weight:bold;margin-bottom:20px;\">Pourquoi inscrivez-vous vos produits chez Sabre aupr\u00e8s de notre \u00e9quipe :<\/h2><\/div><\/div>[vc_column_text]<\/p>\n<ul>\n<li>Nous sommes des experts sp\u00e9cialis\u00e9s dans les r\u00e8glements SASO et Saber.<\/li>\n<li>Exp\u00e9rience ant\u00e9rieure dans la coordination et la d\u00e9livrance de certificats de correspondance de produits et de missions pour diff\u00e9rents types de produits<\/li>\n<li>Une large base de clients heureux.<\/li>\n<li>La possibilit\u00e9 d\u2019enregistrer tous les types de produits<\/li>\n<li>Acc\u00e8s \u00e0 un vaste r\u00e9seau de laboratoires accr\u00e9dit\u00e9s, de recrutement et de certification dans le monde entier<\/li>\n<li>\u00c9conomisez du temps, de l\u2019argent et des efforts :\n<ol>\n<li>D\u00e9livrance de certificats de conformit\u00e9 aupr\u00e8s d\u2019organismes de correspondance certifi\u00e9s aux prix les plus bas<\/li>\n<li>\u00c9mettre le plus faible nombre de certificats de correspondance pour r\u00e9duire les co\u00fbts globaux<\/li>\n<li>Fournir un support technique pour \u00e9viter les probl\u00e8mes d\u2019enregistrement d\u00e9fectueux et \u00e9viter toute erreur qui conduit \u00e0 votre envoi rejet\u00e9<\/li>\n<li>Fournir un soutien technique dans la pr\u00e9paration des documents techniques requis tels que la d\u00e9claration de correspondance, la carte de donn\u00e9es de s\u00e9curit\u00e9 mat\u00e9rielle (MSDS) et la carte de donn\u00e9es technique pour les produits \u00e0 enregistrer en SABRE<\/li>\n<\/ol>\n<\/li>\n<li>\u00c9conomisez votre temps pour \u00e9tablir des contacts tr\u00e8s difficiles dans les questions techniques et techniques li\u00e9es aux inscriptions<\/li>\n<\/ul>\n<p>[\/vc_column_text][vc_column_text]<strong>Renseignements requis pour proc\u00e9der \u00e0 l\u2019inscription :<\/strong><\/p>\n<ul>\n<li>Une copie du dossier commercial de l\u2019importateur \u00a0\u00bb Registre du commerce saoudien \u00ab\u00a0<\/li>\n<li>Le nom du produit est \u00e9crit en arabe et en anglais<\/li>\n<li>Mod\u00e8les de produits<\/li>\n<li>Description du produit<\/li>\n<li>Description du produit<\/li>\n<li>Pays d\u2019origine<\/li>\n<li>Le nom et l\u2019adresse du fabricant du produit<\/li>\n<li>Le nom et l\u2019adresse du fabricant du produit<\/li>\n<li>Images claires du produit \u00ab haute r\u00e9solution \u00bb<\/li>\n<li>Tous les rapports d\u2019essai du produit ont \u00e9t\u00e9 faits par \u00ab e cas \u00e9ch\u00e9an \u00bb<\/li>\n<\/ul>\n<p>[\/vc_column_text]<section class=\"shortcode-action-box table shortcode-action-bg plain-bg bounce animate-element\"><div class=\"text-big\"><h2><strong>Demandez \u00e0 votre conseiller \u00e0 l\u2019exportation<\/strong><\/h2>\n<p>Souhaitez-vous exporter vers l\u2019Arabie Saoudite ou tout autre pays, Avez-vous besoin d\u2019un soutien ou d\u2019une question sur les tarifs, les documents techniques d\u2019exportation ou les proc\u00e9dures d\u2019\u00e9valuation?<\/p>\n<p>Contactez notre \u00e9quipe d\u2019aide aux importations et aux exportateurs en envoyant un courriel \u00e0 l\u2019adresse de export2gulf.com, T\u00e9l\u00e9phonez +201060780808 ou en discutant sur notre site Web.<\/p>\n<\/div><\/section>[\/vc_column][vc_column offset=\u00a0\u00bbvc_col-lg-12 vc_col-md-12 vc_col-xs-12&Prime;]<div id=\"ultimate-heading-318169ecf1c26d5e2\" class=\"uvc-heading ult-adjust-bottom-margin ultimate-heading-318169ecf1c26d5e2 uvc-1688 \" data-hspacer=\"no_spacer\"  data-halign=\"left\" style=\"text-align:left\"><div class=\"uvc-heading-spacer no_spacer\" style=\"top\"><\/div><div class=\"uvc-main-heading ult-responsive\"  data-ultimate-target='.uvc-heading.ultimate-heading-318169ecf1c26d5e2 h2'  data-responsive-json-new='{\"font-size\":\"desktop:26px;\",\"line-height\":\"desktop:32px;\"}' ><h2 style=\"font-weight:bold;margin-bottom:20px;\">Prix<\/h2><\/div><\/div>[vc_column_text css=\u00a0\u00bb.vc_custom_1588024586603{border-bottom-width: 1px !important;padding-bottom: 12px !important;border-bottom-color: rgba(51,51,51,0.12) !important;border-bottom-style: solid !important;}\u00a0\u00bb el_class=\u00a0\u00bbcolor-title\u00a0\u00bb]<\/p>\n<p class=\"color-title\" style=\"text-align: left; padding-right: 50px;\"><strong>Conseil (cr\u00e9ation d\u2019un compte Sabre et \u00e9tude des produits)<\/strong><\/p>\n<p class=\"paint-accent-color\" style=\"text-align: right; margin-top: -33px;\"><strong>Gratuit!<\/strong><\/p>\n<p>[\/vc_column_text][vc_column_text css=\u00a0\u00bb.vc_custom_1588024731615{border-bottom-width: 1px !important;padding-top: 12px !important;padding-bottom: 12px !important;border-bottom-color: rgba(51,51,51,0.12) !important;border-bottom-style: solid !important;}\u00a0\u00bb el_class=\u00a0\u00bbcolor-title\u00a0\u00bb]<\/p>\n<p class=\"color-title\" style=\"text-align: left; padding-right: 50px;\"><strong>Frais sabre<br \/>\n<\/strong><\/p>\n<p class=\"paint-accent-color\" style=\"text-align: right; margin-top: -33px;\"><strong>525 S.R.<\/strong><\/p>\n<p>[\/vc_column_text][vc_column_text css=\u00a0\u00bb.vc_custom_1588024843598{border-bottom-width: 1px !important;padding-top: 12px !important;padding-bottom: 12px !important;border-bottom-color: rgba(51,51,51,0.12) !important;border-bottom-style: solid !important;}\u00a0\u00bb el_class=\u00a0\u00bbcolor-title\u00a0\u00bb]<\/p>\n<p class=\"color-title\" style=\"text-align: left; padding-right: 50px;\"><strong>Certificat de mission<br \/>\n<\/strong><\/p>\n<p class=\"paint-accent-color\" style=\"text-align: right; margin-top: -33px;\"><strong>SR 375<br \/>\n<\/strong><\/p>\n<p>[\/vc_column_text][vc_column_text css=\u00a0\u00bb.vc_custom_1588024874806{border-bottom-width: 1px !important;padding-top: 12px !important;padding-bottom: 12px !important;border-bottom-color: rgba(51,51,51,0.12) !important;border-bottom-style: solid !important;}\u00a0\u00bb el_class=\u00a0\u00bbcolor-title\u00a0\u00bb]<\/p>\n<p class=\"color-title\" style=\"text-align: left; padding-right: 50px;\"><strong>Soutien technique <\/strong><\/p>\n<p class=\"paint-accent-color\" style=\"text-align: right; margin-top: -33px;\"><strong>Contactez-nous<br \/>\n<\/strong><\/p>\n<p>[\/vc_column_text][vc_column_text css=\u00a0\u00bb.vc_custom_1588024939750{padding-top: 12px !important;}\u00a0\u00bb el_class=\u00a0\u00bbcolor-title\u00a0\u00bb]<\/p>\n<p class=\"color-title\" style=\"text-align: left; padding-right: 50px;\"><strong>Certificat de correspondance de produit PCoC \u00ab s\u2019il y en a \u00bb<br \/>\n<\/strong><\/p>\n<p class=\"paint-accent-color\" style=\"text-align: right; margin-top: -33px;\"><strong>Contactez-nous<br \/>\n<\/strong><\/p>\n<p>[\/vc_column_text][\/vc_column][\/vc_row]<\/p>\n<\/div>","protected":false},"excerpt":{"rendered":"<p>[vc_row type=\u00a0\u00bbvc_default\u00a0\u00bb][vc_column css=\u00a0\u00bb.vc_custom_1498229431694{padding-bottom: 50px !important;}\u00a0\u00bb][vc_column_text]L\u2019Autorit\u00e9 saoudienne pour les normes, les normes et la qualit\u00e9 (SASSOU) a lanc\u00e9 un nouveau syst\u00e8me de proc\u00e9dures de conformit\u00e9 des produits industriels. Depuis 2019, la certification sabre et le certificat de calendrier \u00e9lectronique d\u2019appariement ont \u00e9t\u00e9 approuv\u00e9s pour remplacer le certificat saso de conformit\u00e9 coc et acc\u00e9l\u00e9rer les op\u00e9rations en&hellip;<\/p>\n","protected":false},"author":1,"featured_media":2320,"parent":0,"menu_order":0,"comment_status":"closed","ping_status":"closed","template":"","meta":{"footnotes":""},"class_list":["post-2318","page","type-page","status-publish","has-post-thumbnail","hentry","description-off"],"_links":{"self":[{"href":"https:\/\/www.export2gulf.com\/fr\/wp-json\/wp\/v2\/pages\/2318","targetHints":{"allow":["GET"]}}],"collection":[{"href":"https:\/\/www.export2gulf.com\/fr\/wp-json\/wp\/v2\/pages"}],"about":[{"href":"https:\/\/www.export2gulf.com\/fr\/wp-json\/wp\/v2\/types\/page"}],"author":[{"embeddable":true,"href":"https:\/\/www.export2gulf.com\/fr\/wp-json\/wp\/v2\/users\/1"}],"replies":[{"embeddable":true,"href":"https:\/\/www.export2gulf.com\/fr\/wp-json\/wp\/v2\/comments?post=2318"}],"version-history":[{"count":0,"href":"https:\/\/www.export2gulf.com\/fr\/wp-json\/wp\/v2\/pages\/2318\/revisions"}],"wp:featuredmedia":[{"embeddable":true,"href":"https:\/\/www.export2gulf.com\/fr\/wp-json\/wp\/v2\/media\/2320"}],"wp:attachment":[{"href":"https:\/\/www.export2gulf.com\/fr\/wp-json\/wp\/v2\/media?parent=2318"}],"curies":[{"name":"wp","href":"https:\/\/api.w.org\/{rel}","templated":true}]}}