{"id":2989,"date":"2021-03-18T06:53:52","date_gmt":"2021-03-18T06:53:52","guid":{"rendered":"https:\/\/www.export2gulf.com\/demande-de-partenariat-international\/"},"modified":"2021-03-18T06:53:52","modified_gmt":"2021-03-18T06:53:52","slug":"demande-de-partenariat-international","status":"publish","type":"page","link":"https:\/\/www.export2gulf.com\/fr\/demande-de-partenariat-international\/","title":{"rendered":"Demande de partenariat international"},"content":{"rendered":"<h3><strong>Chers partenaires potentiels<\/strong><\/h3>\n<p style=\"text-align: justify;\">En raison de l\u2019augmentation tangible des mouvements commerciaux mondiaux et des besoins des importateurs et des exportateurs en mati\u00e8re de services de soutien technique dans les domaines de la qualit\u00e9, de la conformit\u00e9 et de l\u2019acc\u00e8s aux march\u00e9s,<\/p>\n<p style=\"text-align: justify;\">Export2Gulf s\u2019efforce toujours d\u2019atteindre de nouveaux march\u00e9s et de nouveaux clients gr\u00e2ce \u00e0 des partenariats solides et solides avec des partenaires prosp\u00e8res comme vous, qui sont en mesure de g\u00e9rer les affaires dans leur pays et de chasser les opportunit\u00e9s potentielles.<\/p>\n<p style=\"text-align: justify;\">Si votre entreprise est proche d\u2019un ou d\u2019un groupe d\u2019exportateurs qui souhaitent exporter vers les pays du Moyen-Orient, d\u2019Afrique et d\u2019Europe, nous sommes heureux si vous pourriez \u00eatre un repr\u00e9sentant pour nous dans votre pays et travailler ensemble en tant que partenaires<\/p>\n<p style=\"text-align: justify;\">Pour les demandes de partenariat, veuillez nous \u00e9crire <span style=\"color: #0000ff;\"> <strong>\u00e0 info(at)export2gulf.com<\/strong><\/p>\n<p><\/span><\/p>\n","protected":false},"excerpt":{"rendered":"<p>Chers partenaires potentiels En raison de l\u2019augmentation tangible des mouvements commerciaux mondiaux et des besoins des importateurs et des exportateurs en mati\u00e8re de services de soutien technique dans les domaines de la qualit\u00e9, de la conformit\u00e9 et de l\u2019acc\u00e8s aux march\u00e9s, Export2Gulf s\u2019efforce toujours d\u2019atteindre de nouveaux march\u00e9s et de nouveaux clients gr\u00e2ce \u00e0 des&hellip;<\/p>\n","protected":false},"author":1,"featured_media":0,"parent":0,"menu_order":0,"comment_status":"closed","ping_status":"closed","template":"","meta":{"footnotes":""},"class_list":["post-2989","page","type-page","status-publish","hentry","description-off"],"_links":{"self":[{"href":"https:\/\/www.export2gulf.com\/fr\/wp-json\/wp\/v2\/pages\/2989","targetHints":{"allow":["GET"]}}],"collection":[{"href":"https:\/\/www.export2gulf.com\/fr\/wp-json\/wp\/v2\/pages"}],"about":[{"href":"https:\/\/www.export2gulf.com\/fr\/wp-json\/wp\/v2\/types\/page"}],"author":[{"embeddable":true,"href":"https:\/\/www.export2gulf.com\/fr\/wp-json\/wp\/v2\/users\/1"}],"replies":[{"embeddable":true,"href":"https:\/\/www.export2gulf.com\/fr\/wp-json\/wp\/v2\/comments?post=2989"}],"version-history":[{"count":0,"href":"https:\/\/www.export2gulf.com\/fr\/wp-json\/wp\/v2\/pages\/2989\/revisions"}],"wp:attachment":[{"href":"https:\/\/www.export2gulf.com\/fr\/wp-json\/wp\/v2\/media?parent=2989"}],"curies":[{"name":"wp","href":"https:\/\/api.w.org\/{rel}","templated":true}]}}