{"id":2253,"date":"2020-06-24T09:20:15","date_gmt":"2020-06-24T09:20:15","guid":{"rendered":"https:\/\/www.export2gulf.com\/informazioni-su-export-2-gulf\/"},"modified":"2020-09-08T15:42:27","modified_gmt":"2020-09-08T15:42:27","slug":"informazioni-su-export-2-gulf","status":"publish","type":"page","link":"https:\/\/www.export2gulf.com\/it\/informazioni-su-export-2-gulf\/","title":{"rendered":"Informazioni su Export 2 Gulf"},"content":{"rendered":"<div class=\"wpb-content-wrapper\"><p>[vc_row type=&#8221;vc_default&#8221; css=&#8221;.vc_custom_1476008791393{padding-top: 70px !important;padding-bottom: 25px !important;}&#8221;][vc_column offset=&#8221;vc_col-lg-6 vc_col-md-6 vc_col-xs-12&#8243; css=&#8221;.vc_custom_1588206853006{padding-bottom: 50px !important;background-color: #ddcece !important;}&#8221;]<div id=\"ultimate-heading-29469ecec5f68e20\" class=\"uvc-heading ult-adjust-bottom-margin ultimate-heading-29469ecec5f68e20 uvc-1800 \" data-hspacer=\"no_spacer\"  data-halign=\"left\" style=\"text-align:left\"><div class=\"uvc-heading-spacer no_spacer\" style=\"top\"><\/div><div class=\"uvc-main-heading ult-responsive\"  data-ultimate-target='.uvc-heading.ultimate-heading-29469ecec5f68e20 h2'  data-responsive-json-new='{\"font-size\":\"desktop:26px;\",\"line-height\":\"desktop:32px;\"}' ><h2 style=\"font-weight:bold;margin-bottom:20px;\">Siamo il tuo primo passo verso l'esportazione<\/h2><\/div><\/div>[vc_column_text]<\/p>\n<p style=\"text-align: justify;\">Export 2 gulf \u00e8 un fornitore di soluzioni completamente integrato sia per gli esportatori che per gli importatori; oltre 10 anni di esperienza pratica, i nostri consulenti ed esperti ottengono gli strumenti pi\u00f9 potenti per aiutare centinaia di esportatori a penetrare nel golfo, nei mercati africani e mediorientali, e aiutarli a evitare procedure complicate, in ritardare le spedizioni e pagare tasse aggiuntive che non hanno bisogno di svuotare le loro merci.<\/p>\n<p>[\/vc_column_text]<div class=\"ult-spacer spacer-69ecec5f68e71\" data-id=\"69ecec5f68e71\" data-height=\"10\" data-height-mobile=\"10\" data-height-tab=\"10\" data-height-tab-portrait=\"\" data-height-mobile-landscape=\"\" style=\"clear:both;display:block;\"><\/div>[vc_empty_space]<div id=\"ultimate-heading-80869ecec5f68e9a\" class=\"uvc-heading ult-adjust-bottom-margin ultimate-heading-80869ecec5f68e9a uvc-3111 \" data-hspacer=\"no_spacer\"  data-halign=\"left\" style=\"text-align:left\"><div class=\"uvc-heading-spacer no_spacer\" style=\"top\"><\/div><div class=\"uvc-main-heading ult-responsive\"  data-ultimate-target='.uvc-heading.ultimate-heading-80869ecec5f68e9a h2'  data-responsive-json-new='{\"font-size\":\"desktop:26px;\",\"line-height\":\"desktop:32px;\"}' ><h2 style=\"font-weight:bold;margin-bottom:20px;\">Non \u00e8 solo un certificato<\/h2><\/div><\/div>[vc_column_text]<\/p>\n<p style=\"text-align: justify;\">Il ruolo di Export 2 Gulf non si limita al semplice emissione di un <a href=\"https:\/\/www.export2gulf.com\/services\/\">certificato<\/a> per il nostro cliente, ma il nostro lavoro inizia poich\u00e9 c&#8217;\u00e8 la necessit\u00e0 di esportare in un paese straniero, la nostra consulenza comprende:<\/p>\n<ol>\n<li style=\"text-align: justify;\">Studiare e analizzare i prodotti da esportare<\/li>\n<li style=\"text-align: justify;\">Verifiche di asbilit\u00e0 doganale gratuite per esaminare tutti i documenti relativi allo sdoganamento del carico per identificare le carenze e sviluppare un piano d&#8217;azione per completare tutti questi requisiti per essere pronti a consegnare le merci a destinazione<\/li>\n<li style=\"text-align: justify;\">Emissione del certificato del paese di origine<\/li>\n<li style=\"text-align: justify;\">Traduci il tuo documento in lingua araba da traduttori accreditati<\/li>\n<li style=\"text-align: justify;\">Emissione di rapporti di prova da laboratori accreditati<\/li>\n<\/ol>\n<div id=\"gtx-trans\" style=\"position: absolute; left: 365px; top: -16px;\">\n<div class=\"gtx-trans-icon\"><\/div>\n<\/div>\n<p>[\/vc_column_text][\/vc_column][vc_column offset=&#8221;vc_col-lg-6 vc_col-md-6 vc_col-xs-12&#8243; css=&#8221;.vc_custom_1476005300152{padding-bottom: 50px !important;}&#8221;]<div id=\"ultimate-heading-251169ecec5f68ed5\" class=\"uvc-heading ult-adjust-bottom-margin ultimate-heading-251169ecec5f68ed5 uvc-404 \" data-hspacer=\"no_spacer\"  data-halign=\"left\" style=\"text-align:left\"><div class=\"uvc-heading-spacer no_spacer\" style=\"top\"><\/div><div class=\"uvc-main-heading ult-responsive\"  data-ultimate-target='.uvc-heading.ultimate-heading-251169ecec5f68ed5 h2'  data-responsive-json-new='{\"font-size\":\"desktop:26px;\",\"line-height\":\"desktop:32px;\"}' ><h2 style=\"font-weight:bold;margin-bottom:20px;\">LA NOSTRA ESPERIENZA<\/h2><\/div><\/div>[vc_progress_bar values=&#8221;%5B%7B%22label%22%3A%22Prodotto%20Conformity%20-%2015%2B%20years%222C%22value%%2295%227D%2C%7B%22label%223A%22Auditing%%26%20Inspection%20-%20122B%20years%%22value%%3A%2280%22%7D%2C%7B%22label%22%3A%%20Certification%%2010%2B%20years%222C%22value%22Value%2270%227D%2C%7B%22label%%22Export%20%26%20- 2082B%20years%222C%22value%%3A%2260%22%7D5D%20-%&#8221; options=&#8221;striped,animated&#8221; caption_pos=&#8221;top&#8221;][\/vc_column][\/vc_row][vc_row type=&#8221;vc_default&#8221; full_width=&#8221;stretch_row&#8221; equal_height=&#8221;yes&#8221; content_placement=&#8221;middle&#8221; bg_type=&#8221;bg_color&#8221; css=&#8221;.vc_custom_1498804043002{padding-top: 70px !important;padding-bottom: 20px !important;}&#8221; bg_color_value=&#8221;#f5f5f5&#8243;][vc_column css=&#8221;.vc_custom_1498755622313{padding-bottom: 50px !important;}&#8221; offset=&#8221;vc_col-lg-8 vc_col-md-7&#8243;]<div id=\"ultimate-heading-384169ecec5f68f0a\" class=\"uvc-heading ult-adjust-bottom-margin ultimate-heading-384169ecec5f68f0a uvc-3792 \" data-hspacer=\"no_spacer\"  data-halign=\"left\" style=\"text-align:left\"><div class=\"uvc-heading-spacer no_spacer\" style=\"top\"><\/div><div class=\"uvc-main-heading ult-responsive\"  data-ultimate-target='.uvc-heading.ultimate-heading-384169ecec5f68f0a h2'  data-responsive-json-new='{\"font-size\":\"desktop:40px;\",\"line-height\":\"desktop:46px;\"}' ><h2 style=\"font-weight:bold;margin-bottom:30px;\">UN WORD DA TOP MANAGEMENT<\/h2><\/div><div class=\"uvc-sub-heading ult-responsive\"  data-ultimate-target='.uvc-heading.ultimate-heading-384169ecec5f68f0a .uvc-sub-heading '  data-responsive-json-new='{\"font-size\":\"desktop:20px;mobile_landscape:15px;\",\"line-height\":\"desktop:32px;mobile_landscape:22px;\"}'  style=\"font-style:italic;font-weight:normal;margin-bottom:30px;\"><span class=\"tlid-translation translation\" lang=\"en\"><span class=\"\" title=\"\">\u0650A Export2gulf, il nostro obiettivo pi\u00f9 importante \u00e8 quello di assistere i nostri clienti nell&#8217;ottenere il supporto tecnico necessario per facilitare le operazioni di esportazione e importazione e per accedere ai mercati senza barriere nel minor tempo e al costo pi\u00f9 basso, durante il nostro lavoro, abbiamo messo pi\u00f9 di dieci anni di esperienza nell&#8217;importazione, esportazione e conformit\u00e0 sotto l&#8217;ordine dei nostri clienti<br \/>\n<\/span><\/span><\/div><\/div><div id=\"ultimate-heading-56069ecec5f68f44\" class=\"uvc-heading ult-adjust-bottom-margin ultimate-heading-56069ecec5f68f44 uvc-4520 color-title\" data-hspacer=\"no_spacer\"  data-halign=\"left\" style=\"text-align:left\"><div class=\"uvc-heading-spacer no_spacer\" style=\"top\"><\/div><div class=\"uvc-main-heading ult-responsive\"  data-ultimate-target='.uvc-heading.ultimate-heading-56069ecec5f68f44 h4'  data-responsive-json-new='{\"font-size\":\"desktop:26px;\",\"line-height\":\"desktop:32px;\"}' ><h4 style=\"font-weight:bold;margin-bottom:10px;\">Mohamed Ibrahim<\/h4><\/div><div class=\"uvc-sub-heading ult-responsive\"  data-ultimate-target='.uvc-heading.ultimate-heading-56069ecec5f68f44 .uvc-sub-heading '  data-responsive-json-new='{\"font-size\":\"desktop:20px;\",\"line-height\":\"desktop:26px;\"}'  style=\"font-family:&#039;Open Sans Condensed&#039;;font-weight:700;color:#ffb536;\">CEO &amp; Export2gulf Fondatore<\/div><\/div>[\/vc_column][vc_column width=&#8221;1\/2&#8243; offset=&#8221;vc_col-lg-offset-0 vc_col-lg-4 vc_col-md-offset-0 vc_col-md-5 vc_col-sm-offset-3 vc_col-xs-offset-2 vc_col-xs-8&#8243; css=&#8221;.vc_custom_1498755704655{padding-bottom: 50px !important;}&#8221;]<style type=\"text\/css\" data-type=\"the7_shortcodes-inline-css\">.shortcode-single-image-wrap.shortcode-single-image-90676a45a320e48311177c8f0163d471.enable-bg-rollover .rollover i,\n.shortcode-single-image-wrap.shortcode-single-image-90676a45a320e48311177c8f0163d471.enable-bg-rollover .rollover-video i {\n  background: -webkit-linear-gradient();\n  background: linear-gradient();\n}\n.shortcode-single-image-wrap.shortcode-single-image-90676a45a320e48311177c8f0163d471 .rollover-icon {\n  font-size: 32px;\n  color: #ffffff;\n  min-width: 44px;\n  min-height: 44px;\n  line-height: 44px;\n  border-radius: 100px;\n  border-style: solid;\n  border-width: 0px;\n}\n.dt-icon-bg-on.shortcode-single-image-wrap.shortcode-single-image-90676a45a320e48311177c8f0163d471 .rollover-icon {\n  background: rgba(255,255,255,0.3);\n  box-shadow: none;\n}<\/style><div class=\"shortcode-single-image-wrap shortcode-single-image-90676a45a320e48311177c8f0163d471 alignnone  enable-bg-rollover dt-icon-bg-off\" style=\"margin-top:0px; margin-bottom:0px; margin-left:0px; margin-right:0px; width:800px;\"><div class=\"shortcode-single-image\"><div class=\"fancy-media-wrap\" style=\"border-radius:1000px;\"><img decoding=\"async\" class=\"preload-me aspect\" src=\"https:\/\/www.export2gulf.com\/wp-content\/uploads\/2020\/05\/mohamed-ibrhaim-705x705.jpg\" srcset=\"https:\/\/www.export2gulf.com\/wp-content\/uploads\/2020\/05\/mohamed-ibrhaim-705x705.jpg 705w\" sizes=\"(max-width: 705px) 100vw, 705px\" width=\"705\" height=\"705\" data-dt-location=\"https:\/\/www.export2gulf.com\/it\/home\/mohamed-ibrhaim\/\" style=\"--ratio: 705 \/ 705;border-radius:1000px;\" alt=\"mohamed ibrhaim\" title=\"\"><\/div><\/div><\/div>[\/vc_column][\/vc_row][vc_row type=&#8221;vc_default&#8221; margin_top=&#8221;-50&#8243; bg_type=&#8221;bg_color&#8221; bg_override=&#8221;ex-full&#8221; css=&#8221;.vc_custom_1498803830227{padding-top: 50px !important;background-color: #000000 !important;}&#8221; bg_color_value=&#8221;#1f365c&#8221;][vc_column width=&#8221;1\/3&#8243; offset=&#8221;vc_col-lg-4 vc_col-md-4&#8243; css=&#8221;.vc_custom_1476007482956{padding-bottom: 50px !important;}&#8221;]<div class=\"stats-block stats-left  accent-icon-bg  vc_custom_1588202248573\"><div class=\"aio-icon-left\"><div class=\"ult-just-icon-wrapper  \"><div class=\"align-icon\" style=\"text-align:center;\">\n<div class=\"aio-icon circle \"  style=\"color:#ffffff;background:#ffffff;font-size:32px;display:inline-block;\">\n\t<i class=\"icomoon-icomoonfree-16x16-users\"><\/i>\n<\/div><\/div><\/div><\/div><div class=\"stats-desc\" id=\"counter-responsv-wrap-2850\"><div id=\"counter_102377757569ecec5f69a2a\" data-id=\"counter_102377757569ecec5f69a2a\"  data-ultimate-target='#counter-responsv-wrap-2850 .stats-number'  data-responsive-json-new='{\"font-size\":\"desktop:70px;\",\"line-height\":\"desktop:70px;\"}'  class=\"stats-number ult-responsive\" style=\" color:#ffffff; font-family:&#039;Open Sans Condensed&#039;;font-weight:700;color:#ffffff;\" data-speed=\"3\" data-counter-value=\"6\" data-separator=\",\" data-decimal=\".\">0<\/div><div id=\"title-counter_102377757569ecec5f69a2a\"  data-ultimate-target='#counter-responsv-wrap-2850 .stats-text'  data-responsive-json-new='{\"font-size\":\"desktop:20px;\",\"line-height\":\"desktop:26px;\"}'  class=\"stats-text ult-responsive\" style=\"font-size:px; color:#ffffff; font-family:&#039;Open Sans Condensed&#039;;font-weight:700;\">Specialisti<\/div><\/div><\/div>[\/vc_column][vc_column width=&#8221;1\/3&#8243; css=&#8221;.vc_custom_1476007487982{padding-bottom: 50px !important;}&#8221;]<div class=\"stats-block stats-left  accent-icon-bg  vc_custom_1588202272986\"><div class=\"aio-icon-left\"><div class=\"ult-just-icon-wrapper  \"><div class=\"align-icon\" style=\"text-align:center;\">\n<div class=\"aio-icon circle \"  style=\"color:#ffffff;background:#ffffff;font-size:32px;display:inline-block;\">\n\t<i class=\"icomoon-icomoonfree-16x16-user-tie\"><\/i>\n<\/div><\/div><\/div><\/div><div class=\"stats-desc\" id=\"counter-responsv-wrap-3445\"><div id=\"counter_161943805869ecec5f69abf\" data-id=\"counter_161943805869ecec5f69abf\"  data-ultimate-target='#counter-responsv-wrap-3445 .stats-number'  data-responsive-json-new='{\"font-size\":\"desktop:70px;\",\"line-height\":\"desktop:70px;\"}'  class=\"stats-number ult-responsive\" style=\" color:#ffffff; font-family:&#039;Open Sans Condensed&#039;;font-weight:700;color:#ffffff;\" data-speed=\"3\" data-counter-value=\"143\" data-separator=\",\" data-decimal=\".\">0<\/div><div id=\"title-counter_161943805869ecec5f69abf\"  data-ultimate-target='#counter-responsv-wrap-3445 .stats-text'  data-responsive-json-new='{\"font-size\":\"desktop:20px;\",\"line-height\":\"desktop:26px;\"}'  class=\"stats-text ult-responsive\" style=\"font-size:px; color:#ffffff; font-family:&#039;Open Sans Condensed&#039;;font-weight:700;\">Clienti felici<\/div><\/div><\/div>[\/vc_column][vc_column width=&#8221;1\/3&#8243; css=&#8221;.vc_custom_1476007492901{padding-bottom: 50px !important;}&#8221;]<div class=\"stats-block stats-left  accent-icon-bg  vc_custom_1588202292533\"><div class=\"aio-icon-left\"><div class=\"ult-just-icon-wrapper  \"><div class=\"align-icon\" style=\"text-align:center;\">\n<div class=\"aio-icon circle \"  style=\"color:#ffffff;background:#ffffff;font-size:32px;display:inline-block;\">\n\t<i class=\"icomoon-icomoonfree-16x16-briefcase\"><\/i>\n<\/div><\/div><\/div><\/div><div class=\"stats-desc\" id=\"counter-responsv-wrap-3861\"><div id=\"counter_105679723869ecec5f69b37\" data-id=\"counter_105679723869ecec5f69b37\"  data-ultimate-target='#counter-responsv-wrap-3861 .stats-number'  data-responsive-json-new='{\"font-size\":\"desktop:70px;\",\"line-height\":\"desktop:70px;\"}'  class=\"stats-number ult-responsive\" style=\" color:#ffffff; font-family:&#039;Open Sans Condensed&#039;;font-weight:700;color:#ffffff;\" data-speed=\"3\" data-counter-value=\"512\" data-separator=\",\" data-decimal=\".\">0<\/div><div id=\"title-counter_105679723869ecec5f69b37\"  data-ultimate-target='#counter-responsv-wrap-3861 .stats-text'  data-responsive-json-new='{\"font-size\":\"desktop:20px;\",\"line-height\":\"desktop:26px;\"}'  class=\"stats-text ult-responsive\" style=\"font-size:px; color:#ffffff; font-family:&#039;Open Sans Condensed&#039;;font-weight:700;\">Casi riusciti<\/div><\/div><\/div>[\/vc_column][\/vc_row][vc_row type=&#8221;vc_default&#8221; bg_type=&#8221;bg_color&#8221; bg_override=&#8221;ex-full&#8221; css=&#8221;.vc_custom_1496399827329{padding-top: 70px !important;padding-bottom: 70px !important;}&#8221; bg_color_value=&#8221;rgba(170,170,170,0.1)&#8221;][vc_column]<div id=\"ultimate-heading-952469ecec5f69b69\" class=\"uvc-heading ult-adjust-bottom-margin ultimate-heading-952469ecec5f69b69 uvc-9290 \" data-hspacer=\"no_spacer\"  data-halign=\"left\" style=\"text-align:left\"><div class=\"uvc-heading-spacer no_spacer\" style=\"top\"><\/div><div class=\"uvc-main-heading ult-responsive\"  data-ultimate-target='.uvc-heading.ultimate-heading-952469ecec5f69b69 h2'  data-responsive-json-new='{\"font-size\":\"desktop:26px;\",\"line-height\":\"desktop:32px;\"}' ><h2 style=\"font-weight:bold;margin-bottom:25px;\">I NOSTRI CLIENTI<\/h2><\/div><\/div><style type=\"text\/css\" data-type=\"the7_shortcodes-inline-css\">.carousel-shortcode.carousel-shortcode-id-119b84dd50b1f33514d29636282f2385.owl-carousel .owl-nav div {\n  width: 22px;\n  height: 80px;\n  border-radius: 0px;\n}\n.dt-arrow-border-on.carousel-shortcode.carousel-shortcode-id-119b84dd50b1f33514d29636282f2385.owl-carousel .owl-nav div:not(:hover):before {\n  border-width: 0px;\n}\n.dt-arrow-hover-border-on.carousel-shortcode.carousel-shortcode-id-119b84dd50b1f33514d29636282f2385.owl-carousel .owl-nav div:hover:after {\n  border-width: 0px;\n}\n.arrows-hover-bg-on.carousel-shortcode.carousel-shortcode-id-119b84dd50b1f33514d29636282f2385.owl-carousel .owl-nav div:after {\n  background: #f4a215;\n}\n.carousel-shortcode.carousel-shortcode-id-119b84dd50b1f33514d29636282f2385.owl-carousel .owl-nav div.owl-prev {\n  top: 50%;\n  transform: translateY(calc(-50% + 0px));\n  left: 0px;\n}\n@media all and (-ms-high-contrast: none) {\n  .carousel-shortcode.carousel-shortcode-id-119b84dd50b1f33514d29636282f2385.owl-carousel .owl-nav div.owl-prev {\n    transform: translateY(-50%);\n    margin-top: 0px;\n  }\n}\n.carousel-shortcode.carousel-shortcode-id-119b84dd50b1f33514d29636282f2385.owl-carousel .owl-nav div.owl-prev i {\n  padding: 0px 0px 0px 0px;\n}\n.carousel-shortcode.carousel-shortcode-id-119b84dd50b1f33514d29636282f2385.owl-carousel .owl-nav div.owl-next {\n  top: 50%;\n  transform: translateY(calc(-50% + 0px));\n  right: 0px;\n}\n@media all and (-ms-high-contrast: none) {\n  .carousel-shortcode.carousel-shortcode-id-119b84dd50b1f33514d29636282f2385.owl-carousel .owl-nav div.owl-next {\n    transform: translateY(-50%);\n    margin-top: 0px;\n  }\n}\n.carousel-shortcode.carousel-shortcode-id-119b84dd50b1f33514d29636282f2385.owl-carousel .owl-nav div.owl-next i {\n  padding: 0px 0px 0px 0px;\n}\n.carousel-shortcode.carousel-shortcode-id-119b84dd50b1f33514d29636282f2385.owl-carousel .owl-nav i {\n  font-size: 18px;\n}\n.carousel-shortcode.carousel-shortcode-id-119b84dd50b1f33514d29636282f2385.owl-carousel .owl-nav div:not(:hover) i,\n.carousel-shortcode.carousel-shortcode-id-119b84dd50b1f33514d29636282f2385.owl-carousel .owl-nav div:not(:hover) i:before {\n  color: #ffffff;\n  background: none;\n}\n.carousel-shortcode.carousel-shortcode-id-119b84dd50b1f33514d29636282f2385.owl-carousel .owl-nav div:hover i,\n.carousel-shortcode.carousel-shortcode-id-119b84dd50b1f33514d29636282f2385.owl-carousel .owl-nav div:hover i:before {\n  color: #ffffff;\n  background: none;\n}\n.carousel-shortcode.carousel-shortcode-id-119b84dd50b1f33514d29636282f2385 .owl-dots {\n  top: calc(100% + 20px);\n  left: 50%;\n  transform: translateX(calc(-50% + 0px));\n}\n@media all and (-ms-high-contrast: none) {\n  .carousel-shortcode.carousel-shortcode-id-119b84dd50b1f33514d29636282f2385 .owl-dots {\n    transform: translateX(-50%);\n    margin-left: 0px;\n  }\n}\n.carousel-shortcode.carousel-shortcode-id-119b84dd50b1f33514d29636282f2385 .owl-dot {\n  width: 10px;\n  height: 10px;\n  margin: 0 8px;\n}\n@media screen and (max-width: 778px) {\n  .carousel-shortcode.carousel-shortcode-id-119b84dd50b1f33514d29636282f2385.hide-arrows .owl-nav a {\n    display: none;\n  }\n}\n@media screen and (max-width: 778px) {\n  .carousel-shortcode.carousel-shortcode-id-119b84dd50b1f33514d29636282f2385.reposition-arrows .owl-nav .owl-prev {\n    top: 50%;\n    transform: translateY(calc(-50% + 0px));\n    left: 10px;\n  }\n  .carousel-shortcode.carousel-shortcode-id-119b84dd50b1f33514d29636282f2385.reposition-arrows .owl-nav .owl-next {\n    top: 50%;\n    transform: translateY(calc(-50% + 0px));\n    right: 10px;\n  }\n}\n@media screen and (max-width: 778px) and all and (-ms-high-contrast: none) {\n  .carousel-shortcode.carousel-shortcode-id-119b84dd50b1f33514d29636282f2385.reposition-arrows .owl-nav .owl-prev {\n    transform: translateY(-50%);\n    margin-top: 0px;\n  }\n}\n@media screen and (max-width: 778px) and all and (-ms-high-contrast: none) {\n  .carousel-shortcode.carousel-shortcode-id-119b84dd50b1f33514d29636282f2385.reposition-arrows .owl-nav .owl-next {\n    transform: translateY(-50%);\n    margin-top: 0px;\n  }\n}<\/style><div class=\"owl-carousel carousel-shortcode dt-owl-carousel-call carousel-shortcode-id-119b84dd50b1f33514d29636282f2385 bullets-small-dot-stroke arrows-bg-on dt-arrow-border-on dt-arrow-hover-border-on arrows-hover-bg-on  vc_custom_1498756520817 \" data-scroll-mode=\"1\" data-col-num=\"6\" data-wide-col-num=\"6\" data-laptop-col=\"4\" data-h-tablet-columns-num=\"3\" data-v-tablet-columns-num=\"2\" data-phone-columns-num=\"1\" data-auto-height=\"true\" data-col-gap=\"30\" data-stage-padding=\"0\" data-speed=\"600\" data-autoplay=\"false\" data-autoplay_speed=\"6000\" data-arrows=\"true\" data-bullet=\"false\" data-next-icon=\"icon-ar-017-r\" data-prev-icon=\"icon-ar-017-l\"><\/div>[\/vc_column][\/vc_row]<\/p>\n<\/div>","protected":false},"excerpt":{"rendered":"<p>[vc_row type=&#8221;vc_default&#8221; css=&#8221;.vc_custom_1476008791393{padding-top: 70px !important;padding-bottom: 25px !important;}&#8221;][vc_column offset=&#8221;vc_col-lg-6 vc_col-md-6 vc_col-xs-12&#8243; css=&#8221;.vc_custom_1588206853006{padding-bottom: 50px !important;background-color: #ddcece !important;}&#8221;][vc_column_text] Export 2 gulf \u00e8 un fornitore di soluzioni completamente integrato sia per gli esportatori che per gli importatori; oltre 10 anni di esperienza pratica, i nostri consulenti ed esperti ottengono gli strumenti pi\u00f9 potenti per aiutare centinaia di esportatori a&hellip;<\/p>\n","protected":false},"author":1,"featured_media":2211,"parent":0,"menu_order":100,"comment_status":"closed","ping_status":"closed","template":"","meta":{"footnotes":""},"class_list":["post-2253","page","type-page","status-publish","has-post-thumbnail","hentry","description-off"],"_links":{"self":[{"href":"https:\/\/www.export2gulf.com\/it\/wp-json\/wp\/v2\/pages\/2253","targetHints":{"allow":["GET"]}}],"collection":[{"href":"https:\/\/www.export2gulf.com\/it\/wp-json\/wp\/v2\/pages"}],"about":[{"href":"https:\/\/www.export2gulf.com\/it\/wp-json\/wp\/v2\/types\/page"}],"author":[{"embeddable":true,"href":"https:\/\/www.export2gulf.com\/it\/wp-json\/wp\/v2\/users\/1"}],"replies":[{"embeddable":true,"href":"https:\/\/www.export2gulf.com\/it\/wp-json\/wp\/v2\/comments?post=2253"}],"version-history":[{"count":0,"href":"https:\/\/www.export2gulf.com\/it\/wp-json\/wp\/v2\/pages\/2253\/revisions"}],"wp:featuredmedia":[{"embeddable":true,"href":"https:\/\/www.export2gulf.com\/it\/wp-json\/wp\/v2\/media\/2211"}],"wp:attachment":[{"href":"https:\/\/www.export2gulf.com\/it\/wp-json\/wp\/v2\/media?parent=2253"}],"curies":[{"name":"wp","href":"https:\/\/api.w.org\/{rel}","templated":true}]}}